{"id":10985,"date":"2020-03-01T20:51:07","date_gmt":"2020-03-02T01:51:07","guid":{"rendered":"https:\/\/diarioavanzada.com.mx\/?page_id=10985"},"modified":"2021-02-11T00:58:31","modified_gmt":"2021-02-11T06:58:31","slug":"mapa-de-homicidios-en-colima","status":"publish","type":"page","link":"https:\/\/diarioavanzada.com.mx\/?page_id=10985","title":{"rendered":"Mapa de homicidios y personas desaparecidas en Colima"},"content":{"rendered":"\n<p class=\"wp-block-paragraph\">Este mapa tiene por objeto acercar la informaci\u00f3n a nuestros lectores, sobre los homicidios que se cometen a diario en el estado de Colima y personas desaparecidas en la \u00e9poca m\u00e1s violenta de su historia.<br>Los datos expuestos de los homicidios que aqu\u00ed se presentan fueron tomados de los distintos medios de comunicaci\u00f3n electr\u00f3nicos existentes en el estado de Colima.<br>En el caso de las personas desaparecidas, los registros se tomaron de las fuentes oficiales de informaci\u00f3n.<\/p>\n\n\n\n<iframe loading=\"lazy\" src=\"https:\/\/www.google.com\/maps\/d\/u\/6\/embed?mid=1seJmRyyofohtedoodSpfZW283cJDOsRw\" width=\"100%\" height=\"780\"><\/iframe>\n","protected":false},"excerpt":{"rendered":"<p>Este mapa tiene por objeto acercar la informaci\u00f3n a nuestros lectores, sobre los homicidios que se cometen a diario en el estado de Colima y personas desaparecidas en la \u00e9poca m\u00e1s violenta de su historia.Los datos expuestos de los homicidios que aqu\u00ed se presentan fueron tomados de los distintos medios de comunicaci\u00f3n electr\u00f3nicos existentes en [&hellip;]<\/p>\n","protected":false},"author":1,"featured_media":19846,"parent":0,"menu_order":0,"comment_status":"closed","ping_status":"closed","template":"page-fullwidth.php","meta":{"_coblocks_attr":"","_coblocks_dimensions":"","_coblocks_responsive_height":"","_coblocks_accordion_ie_support":"","_crdt_document":"","advanced_seo_description":"","jetpack_seo_html_title":"","jetpack_seo_noindex":false,"footnotes":""},"class_list":["post-10985","page","type-page","status-publish","has-post-thumbnail","hentry"],"jetpack-related-posts":[],"jetpack_sharing_enabled":true,"amp_enabled":false,"_links":{"self":[{"href":"https:\/\/diarioavanzada.com.mx\/index.php?rest_route=\/wp\/v2\/pages\/10985","targetHints":{"allow":["GET"]}}],"collection":[{"href":"https:\/\/diarioavanzada.com.mx\/index.php?rest_route=\/wp\/v2\/pages"}],"about":[{"href":"https:\/\/diarioavanzada.com.mx\/index.php?rest_route=\/wp\/v2\/types\/page"}],"author":[{"embeddable":true,"href":"https:\/\/diarioavanzada.com.mx\/index.php?rest_route=\/wp\/v2\/users\/1"}],"replies":[{"embeddable":true,"href":"https:\/\/diarioavanzada.com.mx\/index.php?rest_route=%2Fwp%2Fv2%2Fcomments&post=10985"}],"version-history":[{"count":0,"href":"https:\/\/diarioavanzada.com.mx\/index.php?rest_route=\/wp\/v2\/pages\/10985\/revisions"}],"wp:featuredmedia":[{"embeddable":true,"href":"https:\/\/diarioavanzada.com.mx\/index.php?rest_route=\/wp\/v2\/media\/19846"}],"wp:attachment":[{"href":"https:\/\/diarioavanzada.com.mx\/index.php?rest_route=%2Fwp%2Fv2%2Fmedia&parent=10985"}],"curies":[{"name":"wp","href":"https:\/\/api.w.org\/{rel}","templated":true}]}}